{"id":510,"date":"2023-01-04T15:29:17","date_gmt":"2023-01-04T15:29:17","guid":{"rendered":"https:\/\/garagemp.it\/?page_id=510"},"modified":"2023-01-10T15:51:17","modified_gmt":"2023-01-10T15:51:17","slug":"faq","status":"publish","type":"page","link":"https:\/\/garagemp.it\/index.php\/faq\/","title":{"rendered":"Faq"},"content":{"rendered":"\t\t<div data-elementor-type=\"wp-page\" data-elementor-id=\"510\" class=\"elementor elementor-510\" data-elementor-post-type=\"page\">\n\t\t\t\t\t\t<section class=\"elementor-section elementor-top-section elementor-element elementor-element-bc9b121 elementor-section-full_width elementor-section-stretched elementor-section-height-default elementor-section-height-default\" data-id=\"bc9b121\" data-element_type=\"section\" data-settings=\"{&quot;stretch_section&quot;:&quot;section-stretched&quot;}\">\n\t\t\t\t\t\t<div class=\"elementor-container elementor-column-gap-default\">\n\t\t\t\t\t<div class=\"elementor-column elementor-col-66 elementor-top-column elementor-element elementor-element-6512d45 elementor-invisible\" data-id=\"6512d45\" data-element_type=\"column\" data-settings=\"{&quot;animation&quot;:&quot;fadeInLeft&quot;}\">\n\t\t\t<div class=\"elementor-widget-wrap elementor-element-populated\">\n\t\t\t\t\t\t<div class=\"elementor-element elementor-element-e8eb29a elementor-widget elementor-widget-image\" data-id=\"e8eb29a\" data-element_type=\"widget\" data-widget_type=\"image.default\">\n\t\t\t\t<div class=\"elementor-widget-container\">\n\t\t\t\t\t\t\t\t\t\t\t\t\t\t\t\t<a href=\"https:\/\/garagemp.it\/wp-content\/uploads\/2023\/01\/FAQ-NewOK.jpg\" data-elementor-open-lightbox=\"yes\" data-elementor-lightbox-title=\"High,Speed,Luxury,Sedan,Driving,In,The,City,-,Futuristic\" data-e-action-hash=\"#elementor-action%3Aaction%3Dlightbox%26settings%3DeyJpZCI6NTgyLCJ1cmwiOiJodHRwczpcL1wvZ2FyYWdlbXAuaXRcL3dwLWNvbnRlbnRcL3VwbG9hZHNcLzIwMjNcLzAxXC9GQVEtTmV3T0suanBnIn0%3D\">\n\t\t\t\t\t\t\t<img fetchpriority=\"high\" decoding=\"async\" width=\"1500\" height=\"968\" src=\"https:\/\/garagemp.it\/wp-content\/uploads\/2023\/01\/FAQ-NewOK.jpg\" class=\"attachment-2048x2048 size-2048x2048 wp-image-582\" alt=\"\" srcset=\"https:\/\/garagemp.it\/wp-content\/uploads\/2023\/01\/FAQ-NewOK.jpg 1500w, https:\/\/garagemp.it\/wp-content\/uploads\/2023\/01\/FAQ-NewOK-300x194.jpg 300w, https:\/\/garagemp.it\/wp-content\/uploads\/2023\/01\/FAQ-NewOK-1024x661.jpg 1024w, https:\/\/garagemp.it\/wp-content\/uploads\/2023\/01\/FAQ-NewOK-768x496.jpg 768w\" sizes=\"(max-width: 1500px) 100vw, 1500px\" \/>\t\t\t\t\t\t\t\t<\/a>\n\t\t\t\t\t\t\t\t\t\t\t\t\t\t\t<\/div>\n\t\t\t\t<\/div>\n\t\t\t\t\t<\/div>\n\t\t<\/div>\n\t\t\t\t<div class=\"elementor-column elementor-col-33 elementor-top-column elementor-element elementor-element-2d481d1 elementor-invisible\" data-id=\"2d481d1\" data-element_type=\"column\" data-settings=\"{&quot;animation&quot;:&quot;fadeInRight&quot;}\">\n\t\t\t<div class=\"elementor-widget-wrap elementor-element-populated\">\n\t\t\t\t\t\t<div class=\"elementor-element elementor-element-0232a5f elementor-widget elementor-widget-text-editor\" data-id=\"0232a5f\" data-element_type=\"widget\" data-widget_type=\"text-editor.default\">\n\t\t\t\t<div class=\"elementor-widget-container\">\n\t\t\t\t\t\t\t\t\t<p><span style=\"color: #ff0000;\"><strong><span style=\"font-size: 14pt;\"><span style=\"caret-color: #000000;\">FREQUENTLY ASKED QUESTIONS<\/span><\/span><\/strong><\/span><\/p>\t\t\t\t\t\t\t\t<\/div>\n\t\t\t\t<\/div>\n\t\t\t\t<div class=\"elementor-element elementor-element-7e96e3e4 elementor-widget elementor-widget-text-editor\" data-id=\"7e96e3e4\" data-element_type=\"widget\" data-widget_type=\"text-editor.default\">\n\t\t\t\t<div class=\"elementor-widget-container\">\n\t\t\t\t\t\t\t\t\t<p><span style=\"color: #000000;\"><strong><span style=\"font-size: 60pt;\">Garage MP<br \/><span style=\"color: #ff0000;\">FAQ<\/span><br \/><\/span><\/strong><\/span><\/p>\t\t\t\t\t\t\t\t<\/div>\n\t\t\t\t<\/div>\n\t\t\t\t<div class=\"elementor-element elementor-element-624db56 elementor-widget elementor-widget-text-editor\" data-id=\"624db56\" data-element_type=\"widget\" data-widget_type=\"text-editor.default\">\n\t\t\t\t<div class=\"elementor-widget-container\">\n\t\t\t\t\t\t\t\t\t<p>Ecco una sezione in cui potrai trovare risposte alle tue domande!<\/p>\t\t\t\t\t\t\t\t<\/div>\n\t\t\t\t<\/div>\n\t\t\t\t\t<\/div>\n\t\t<\/div>\n\t\t\t\t\t<\/div>\n\t\t<\/section>\n\t\t\t\t<section class=\"elementor-section elementor-top-section elementor-element elementor-element-f6bc8f9 elementor-section-full_width elementor-section-stretched elementor-section-height-default elementor-section-height-default\" data-id=\"f6bc8f9\" data-element_type=\"section\" data-settings=\"{&quot;stretch_section&quot;:&quot;section-stretched&quot;}\">\n\t\t\t\t\t\t<div class=\"elementor-container elementor-column-gap-default\">\n\t\t\t\t\t<div class=\"elementor-column elementor-col-33 elementor-top-column elementor-element elementor-element-228bcf7\" data-id=\"228bcf7\" data-element_type=\"column\">\n\t\t\t<div class=\"elementor-widget-wrap elementor-element-populated\">\n\t\t\t\t\t\t<div class=\"elementor-element elementor-element-5437166 elementor-widget elementor-widget-eael-adv-accordion\" data-id=\"5437166\" data-element_type=\"widget\" data-widget_type=\"eael-adv-accordion.default\">\n\t\t\t\t<div class=\"elementor-widget-container\">\n\t\t\t\t\t        <div class=\"eael-adv-accordion\" id=\"eael-adv-accordion-5437166\" data-scroll-on-click=\"no\" data-scroll-speed=\"300\" data-accordion-id=\"5437166\" data-accordion-type=\"accordion\" data-toogle-speed=\"300\">\n    <div class=\"eael-accordion-list\">\n                <div id=\"in-cosa-consiste-la-rimappatura\" class=\"elementor-tab-title eael-accordion-header\" tabindex=\"0\" data-tab=\"1\" aria-controls=\"elementor-tab-content-8831\"><span class=\"eael-advanced-accordion-icon-closed\"><i aria-hidden=\"true\" class=\"fa-accordion-icon fas fa-plus\"><\/i><\/span><span class=\"eael-advanced-accordion-icon-opened\"><i aria-hidden=\"true\" class=\"fa-accordion-icon fas fa-minus\"><\/i><\/span><span class=\"eael-accordion-tab-title\">In cosa consiste la rimappatura?<\/span><i aria-hidden=\"true\" class=\"fa-toggle fas fa-angle-right\"><\/i><\/div><div id=\"elementor-tab-content-8831\" class=\"eael-accordion-content clearfix\" data-tab=\"1\" aria-labelledby=\"in-cosa-consiste-la-rimappatura\">In una modifica del software della centralina.<\/div>\n                <\/div><div class=\"eael-accordion-list\">\n                <div id=\"-vero-che-incrementando-coppia-e-potenza-si-riducono-i-consumi\" class=\"elementor-tab-title eael-accordion-header\" tabindex=\"0\" data-tab=\"2\" aria-controls=\"elementor-tab-content-8832\"><span class=\"eael-advanced-accordion-icon-closed\"><i aria-hidden=\"true\" class=\"fa-accordion-icon fas fa-plus\"><\/i><\/span><span class=\"eael-advanced-accordion-icon-opened\"><i aria-hidden=\"true\" class=\"fa-accordion-icon fas fa-minus\"><\/i><\/span><span class=\"eael-accordion-tab-title\">\u00c8 vero che incrementando coppia e potenza si riducono i consumi?<\/span><i aria-hidden=\"true\" class=\"fa-toggle fas fa-angle-right\"><\/i><\/div><div id=\"elementor-tab-content-8832\" class=\"eael-accordion-content clearfix\" data-tab=\"2\" aria-labelledby=\"-vero-che-incrementando-coppia-e-potenza-si-riducono-i-consumi\">S\u00ec, spesso!<\/div>\n                <\/div><div class=\"eael-accordion-list\">\n                <div id=\"rimappando-si-perde-la-garanzia-del-costruttore\" class=\"elementor-tab-title eael-accordion-header\" tabindex=\"0\" data-tab=\"3\" aria-controls=\"elementor-tab-content-8833\"><span class=\"eael-advanced-accordion-icon-closed\"><i aria-hidden=\"true\" class=\"fa-accordion-icon fas fa-plus\"><\/i><\/span><span class=\"eael-advanced-accordion-icon-opened\"><i aria-hidden=\"true\" class=\"fa-accordion-icon fas fa-minus\"><\/i><\/span><span class=\"eael-accordion-tab-title\">Rimappando si perde la garanzia del costruttore?<\/span><i aria-hidden=\"true\" class=\"fa-toggle fas fa-angle-right\"><\/i><\/div><div id=\"elementor-tab-content-8833\" class=\"eael-accordion-content clearfix\" data-tab=\"3\" aria-labelledby=\"rimappando-si-perde-la-garanzia-del-costruttore\">\u00c8 probabile.<\/div>\n                <\/div><div class=\"eael-accordion-list\">\n                <div id=\"rimappando-si-compromette-laffidabilit-del-motore\" class=\"elementor-tab-title eael-accordion-header\" tabindex=\"0\" data-tab=\"4\" aria-controls=\"elementor-tab-content-8834\"><span class=\"eael-advanced-accordion-icon-closed\"><i aria-hidden=\"true\" class=\"fa-accordion-icon fas fa-plus\"><\/i><\/span><span class=\"eael-advanced-accordion-icon-opened\"><i aria-hidden=\"true\" class=\"fa-accordion-icon fas fa-minus\"><\/i><\/span><span class=\"eael-accordion-tab-title\">Rimappando si compromette l'affidabilit\u00e0 del motore?<\/span><i aria-hidden=\"true\" class=\"fa-toggle fas fa-angle-right\"><\/i><\/div><div id=\"elementor-tab-content-8834\" class=\"eael-accordion-content clearfix\" data-tab=\"4\" aria-labelledby=\"rimappando-si-compromette-laffidabilit-del-motore\">Se si opera correttamente, no.<\/div>\n                <\/div><div class=\"eael-accordion-list\">\n                <div id=\"rimappando-si-compromettono-i-sistemi-antinquinamento-fap-egr-adblue\" class=\"elementor-tab-title eael-accordion-header\" tabindex=\"0\" data-tab=\"5\" aria-controls=\"elementor-tab-content-8835\"><span class=\"eael-advanced-accordion-icon-closed\"><i aria-hidden=\"true\" class=\"fa-accordion-icon fas fa-plus\"><\/i><\/span><span class=\"eael-advanced-accordion-icon-opened\"><i aria-hidden=\"true\" class=\"fa-accordion-icon fas fa-minus\"><\/i><\/span><span class=\"eael-accordion-tab-title\">Rimappando si compromettono i sistemi antinquinamento (FAP, EGR, AdBlue)?<\/span><i aria-hidden=\"true\" class=\"fa-toggle fas fa-angle-right\"><\/i><\/div><div id=\"elementor-tab-content-8835\" class=\"eael-accordion-content clearfix\" data-tab=\"5\" aria-labelledby=\"rimappando-si-compromettono-i-sistemi-antinquinamento-fap-egr-adblue\">Vedi sopra.<\/div>\n                <\/div><div class=\"eael-accordion-list\">\n                <div id=\"che-tipo-di-garanzia-fornite\" class=\"elementor-tab-title eael-accordion-header\" tabindex=\"0\" data-tab=\"6\" aria-controls=\"elementor-tab-content-8836\"><span class=\"eael-advanced-accordion-icon-closed\"><i aria-hidden=\"true\" class=\"fa-accordion-icon fas fa-plus\"><\/i><\/span><span class=\"eael-advanced-accordion-icon-opened\"><i aria-hidden=\"true\" class=\"fa-accordion-icon fas fa-minus\"><\/i><\/span><span class=\"eael-accordion-tab-title\">Che tipo di garanzia fornite?<\/span><i aria-hidden=\"true\" class=\"fa-toggle fas fa-angle-right\"><\/i><\/div><div id=\"elementor-tab-content-8836\" class=\"eael-accordion-content clearfix\" data-tab=\"6\" aria-labelledby=\"che-tipo-di-garanzia-fornite\">Due anni sul nostro software, nessuna sulla meccanica (come tutti).<\/div>\n                <\/div><div class=\"eael-accordion-list\">\n                <div id=\"-possibile-ripristinare-il-software-originale\" class=\"elementor-tab-title eael-accordion-header\" tabindex=\"0\" data-tab=\"7\" aria-controls=\"elementor-tab-content-8837\"><span class=\"eael-advanced-accordion-icon-closed\"><i aria-hidden=\"true\" class=\"fa-accordion-icon fas fa-plus\"><\/i><\/span><span class=\"eael-advanced-accordion-icon-opened\"><i aria-hidden=\"true\" class=\"fa-accordion-icon fas fa-minus\"><\/i><\/span><span class=\"eael-accordion-tab-title\">\u00c8 possibile ripristinare il software originale?<\/span><i aria-hidden=\"true\" class=\"fa-toggle fas fa-angle-right\"><\/i><\/div><div id=\"elementor-tab-content-8837\" class=\"eael-accordion-content clearfix\" data-tab=\"7\" aria-labelledby=\"-possibile-ripristinare-il-software-originale\">S\u00ec, ed \u00e8 pure gratis.<\/div>\n                <\/div><div class=\"eael-accordion-list\">\n                <div id=\"lauto-viene-rullata-sia-prima-che-dopo\" class=\"elementor-tab-title eael-accordion-header\" tabindex=\"0\" data-tab=\"8\" aria-controls=\"elementor-tab-content-8838\"><span class=\"eael-advanced-accordion-icon-closed\"><i aria-hidden=\"true\" class=\"fa-accordion-icon fas fa-plus\"><\/i><\/span><span class=\"eael-advanced-accordion-icon-opened\"><i aria-hidden=\"true\" class=\"fa-accordion-icon fas fa-minus\"><\/i><\/span><span class=\"eael-accordion-tab-title\">L'auto viene rullata sia prima che dopo?<\/span><i aria-hidden=\"true\" class=\"fa-toggle fas fa-angle-right\"><\/i><\/div><div id=\"elementor-tab-content-8838\" class=\"eael-accordion-content clearfix\" data-tab=\"8\" aria-labelledby=\"lauto-viene-rullata-sia-prima-che-dopo\">Normalmente s\u00ec.<\/div>\n                <\/div><div class=\"eael-accordion-list\">\n                <div id=\"fate-anche-il-popbang\" class=\"elementor-tab-title eael-accordion-header\" tabindex=\"0\" data-tab=\"9\" aria-controls=\"elementor-tab-content-8839\"><span class=\"eael-advanced-accordion-icon-closed\"><i aria-hidden=\"true\" class=\"fa-accordion-icon fas fa-plus\"><\/i><\/span><span class=\"eael-advanced-accordion-icon-opened\"><i aria-hidden=\"true\" class=\"fa-accordion-icon fas fa-minus\"><\/i><\/span><span class=\"eael-accordion-tab-title\">Fate anche il Pop&amp;Bang?<\/span><i aria-hidden=\"true\" class=\"fa-toggle fas fa-angle-right\"><\/i><\/div><div id=\"elementor-tab-content-8839\" class=\"eael-accordion-content clearfix\" data-tab=\"9\" aria-labelledby=\"fate-anche-il-popbang\">Preferiremmo di no&#8230;<\/div>\n                <\/div><div class=\"eael-accordion-list\">\n                <div id=\"ho-problemi-con-la-revisione-dopo-lintervento-di-rimappatura\" class=\"elementor-tab-title eael-accordion-header\" tabindex=\"0\" data-tab=\"10\" aria-controls=\"elementor-tab-content-88310\"><span class=\"eael-advanced-accordion-icon-closed\"><i aria-hidden=\"true\" class=\"fa-accordion-icon fas fa-plus\"><\/i><\/span><span class=\"eael-advanced-accordion-icon-opened\"><i aria-hidden=\"true\" class=\"fa-accordion-icon fas fa-minus\"><\/i><\/span><span class=\"eael-accordion-tab-title\">Ho problemi con la revisione dopo l'intervento di rimappatura?<\/span><i aria-hidden=\"true\" class=\"fa-toggle fas fa-angle-right\"><\/i><\/div><div id=\"elementor-tab-content-88310\" class=\"eael-accordion-content clearfix\" data-tab=\"10\" aria-labelledby=\"ho-problemi-con-la-revisione-dopo-lintervento-di-rimappatura\">No.<\/div>\n                <\/div><div class=\"eael-accordion-list\">\n                <div id=\"che-differenza-c-tra-un-modulo-aggiuntivo-e-la-rimappatura\" class=\"elementor-tab-title eael-accordion-header\" tabindex=\"0\" data-tab=\"11\" aria-controls=\"elementor-tab-content-88311\"><span class=\"eael-advanced-accordion-icon-closed\"><i aria-hidden=\"true\" class=\"fa-accordion-icon fas fa-plus\"><\/i><\/span><span class=\"eael-advanced-accordion-icon-opened\"><i aria-hidden=\"true\" class=\"fa-accordion-icon fas fa-minus\"><\/i><\/span><span class=\"eael-accordion-tab-title\">Che differenza c'\u00e8 tra un modulo aggiuntivo e la rimappatura?<\/span><i aria-hidden=\"true\" class=\"fa-toggle fas fa-angle-right\"><\/i><\/div><div id=\"elementor-tab-content-88311\" class=\"eael-accordion-content clearfix\" data-tab=\"11\" aria-labelledby=\"che-differenza-c-tra-un-modulo-aggiuntivo-e-la-rimappatura\">Tecnicamente parlando, non c&#8217;\u00e8 paragone.\np.s. altrimenti venderemmo moduli aggiuntivi.<\/div>\n                <\/div><div class=\"eael-accordion-list\">\n                <div id=\"ma-dove-si-schiaccia-il-citofono\" class=\"elementor-tab-title eael-accordion-header\" tabindex=\"0\" data-tab=\"12\" aria-controls=\"elementor-tab-content-88312\"><span class=\"eael-advanced-accordion-icon-closed\"><i aria-hidden=\"true\" class=\"fa-accordion-icon fas fa-plus\"><\/i><\/span><span class=\"eael-advanced-accordion-icon-opened\"><i aria-hidden=\"true\" class=\"fa-accordion-icon fas fa-minus\"><\/i><\/span><span class=\"eael-accordion-tab-title\">Ma dove si \"schiaccia\" il citofono?<\/span><i aria-hidden=\"true\" class=\"fa-toggle fas fa-angle-right\"><\/i><\/div><div id=\"elementor-tab-content-88312\" class=\"eael-accordion-content clearfix\" data-tab=\"12\" aria-labelledby=\"ma-dove-si-schiaccia-il-citofono\">Da nessuna parte, non ce l&#8217;abbiamo.<\/div>\n                <\/div><div class=\"eael-accordion-list\">\n                <div id=\"posso-pagare-in-nero\" class=\"elementor-tab-title eael-accordion-header\" tabindex=\"0\" data-tab=\"13\" aria-controls=\"elementor-tab-content-88313\"><span class=\"eael-advanced-accordion-icon-closed\"><i aria-hidden=\"true\" class=\"fa-accordion-icon fas fa-plus\"><\/i><\/span><span class=\"eael-advanced-accordion-icon-opened\"><i aria-hidden=\"true\" class=\"fa-accordion-icon fas fa-minus\"><\/i><\/span><span class=\"eael-accordion-tab-title\">Posso pagare in nero?<\/span><i aria-hidden=\"true\" class=\"fa-toggle fas fa-angle-right\"><\/i><\/div><div id=\"elementor-tab-content-88313\" class=\"eael-accordion-content clearfix\" data-tab=\"13\" aria-labelledby=\"posso-pagare-in-nero\">No&#8230;<\/div>\n                <\/div><div class=\"eael-accordion-list\">\n                <div id=\"ma-liva-obbligatoria\" class=\"elementor-tab-title eael-accordion-header\" tabindex=\"0\" data-tab=\"14\" aria-controls=\"elementor-tab-content-88314\"><span class=\"eael-advanced-accordion-icon-closed\"><i aria-hidden=\"true\" class=\"fa-accordion-icon fas fa-plus\"><\/i><\/span><span class=\"eael-advanced-accordion-icon-opened\"><i aria-hidden=\"true\" class=\"fa-accordion-icon fas fa-minus\"><\/i><\/span><span class=\"eael-accordion-tab-title\">Ma l'IVA \u00e8 obbligatoria?<\/span><i aria-hidden=\"true\" class=\"fa-toggle fas fa-angle-right\"><\/i><\/div><div id=\"elementor-tab-content-88314\" class=\"eael-accordion-content clearfix\" data-tab=\"14\" aria-labelledby=\"ma-liva-obbligatoria\">Purtroppo in Italia s\u00ec.<\/div>\n                <\/div><\/div>\t\t\t\t<\/div>\n\t\t\t\t<\/div>\n\t\t\t\t\t<\/div>\n\t\t<\/div>\n\t\t\t\t<div class=\"elementor-column elementor-col-33 elementor-top-column elementor-element elementor-element-f84211e\" data-id=\"f84211e\" data-element_type=\"column\">\n\t\t\t<div class=\"elementor-widget-wrap\">\n\t\t\t\t\t\t\t<\/div>\n\t\t<\/div>\n\t\t\t\t<div class=\"elementor-column elementor-col-33 elementor-top-column elementor-element elementor-element-9e8c125\" data-id=\"9e8c125\" data-element_type=\"column\">\n\t\t\t<div class=\"elementor-widget-wrap elementor-element-populated\">\n\t\t\t\t\t\t<div class=\"elementor-element elementor-element-0c80c03 elementor-widget elementor-widget-image\" data-id=\"0c80c03\" data-element_type=\"widget\" data-widget_type=\"image.default\">\n\t\t\t\t<div class=\"elementor-widget-container\">\n\t\t\t\t\t\t\t\t\t\t\t\t\t\t\t<img decoding=\"async\" width=\"2000\" height=\"1117\" src=\"https:\/\/garagemp.it\/wp-content\/uploads\/2023\/01\/SezioneFAQ.jpg\" class=\"attachment-full size-full wp-image-569\" alt=\"\" srcset=\"https:\/\/garagemp.it\/wp-content\/uploads\/2023\/01\/SezioneFAQ.jpg 2000w, https:\/\/garagemp.it\/wp-content\/uploads\/2023\/01\/SezioneFAQ-300x168.jpg 300w, https:\/\/garagemp.it\/wp-content\/uploads\/2023\/01\/SezioneFAQ-1024x572.jpg 1024w, https:\/\/garagemp.it\/wp-content\/uploads\/2023\/01\/SezioneFAQ-768x429.jpg 768w, https:\/\/garagemp.it\/wp-content\/uploads\/2023\/01\/SezioneFAQ-1536x858.jpg 1536w\" sizes=\"(max-width: 2000px) 100vw, 2000px\" \/>\t\t\t\t\t\t\t\t\t\t\t\t\t\t\t<\/div>\n\t\t\t\t<\/div>\n\t\t\t\t\t<\/div>\n\t\t<\/div>\n\t\t\t\t\t<\/div>\n\t\t<\/section>\n\t\t\t\t<section class=\"elementor-section elementor-top-section elementor-element elementor-element-d20672d elementor-section-boxed elementor-section-height-default elementor-section-height-default\" data-id=\"d20672d\" data-element_type=\"section\">\n\t\t\t\t\t\t<div class=\"elementor-container elementor-column-gap-default\">\n\t\t\t\t\t<div class=\"elementor-column elementor-col-100 elementor-top-column elementor-element elementor-element-f66076f\" data-id=\"f66076f\" data-element_type=\"column\">\n\t\t\t<div class=\"elementor-widget-wrap elementor-element-populated\">\n\t\t\t\t\t\t<div class=\"elementor-element elementor-element-e558e24 elementor-widget elementor-widget-text-editor\" data-id=\"e558e24\" data-element_type=\"widget\" data-widget_type=\"text-editor.default\">\n\t\t\t\t<div class=\"elementor-widget-container\">\n\t\t\t\t\t\t\t\t\t<p style=\"text-align: center;\"><span style=\"color: #000000;\"><strong><span style=\"font-size: 60pt;\"><span style=\"font-size: 36pt;\">Per maggiori informazioni <br \/>(un pelino pi\u00f9 serie)<\/span><br \/><\/span><\/strong><\/span><\/p>\t\t\t\t\t\t\t\t<\/div>\n\t\t\t\t<\/div>\n\t\t\t\t<div class=\"elementor-element elementor-element-cf12330 elementor-align-center elementor-widget elementor-widget-button\" data-id=\"cf12330\" data-element_type=\"widget\" data-widget_type=\"button.default\">\n\t\t\t\t<div class=\"elementor-widget-container\">\n\t\t\t\t\t\t\t\t\t<div class=\"elementor-button-wrapper\">\n\t\t\t\t\t<a class=\"elementor-button elementor-button-link elementor-size-sm\" href=\"https:\/\/garagemp.it\/index.php\/contatti\/\">\n\t\t\t\t\t\t<span class=\"elementor-button-content-wrapper\">\n\t\t\t\t\t\t\t\t\t<span class=\"elementor-button-text\">Contattaci<\/span>\n\t\t\t\t\t<\/span>\n\t\t\t\t\t<\/a>\n\t\t\t\t<\/div>\n\t\t\t\t\t\t\t\t<\/div>\n\t\t\t\t<\/div>\n\t\t\t\t\t<\/div>\n\t\t<\/div>\n\t\t\t\t\t<\/div>\n\t\t<\/section>\n\t\t\t\t<section class=\"elementor-section elementor-top-section elementor-element elementor-element-4ec5e71 elementor-section-boxed elementor-section-height-default elementor-section-height-default\" data-id=\"4ec5e71\" data-element_type=\"section\">\n\t\t\t\t\t\t<div class=\"elementor-container elementor-column-gap-default\">\n\t\t\t\t\t<div class=\"elementor-column elementor-col-100 elementor-top-column elementor-element elementor-element-0642329\" data-id=\"0642329\" data-element_type=\"column\">\n\t\t\t<div class=\"elementor-widget-wrap elementor-element-populated\">\n\t\t\t\t\t\t<div class=\"elementor-element elementor-element-67aaad7 elementor-widget-divider--view-line elementor-widget elementor-widget-divider\" data-id=\"67aaad7\" data-element_type=\"widget\" data-widget_type=\"divider.default\">\n\t\t\t\t<div class=\"elementor-widget-container\">\n\t\t\t\t\t\t\t<div class=\"elementor-divider\">\n\t\t\t<span class=\"elementor-divider-separator\">\n\t\t\t\t\t\t<\/span>\n\t\t<\/div>\n\t\t\t\t\t\t<\/div>\n\t\t\t\t<\/div>\n\t\t\t\t\t<\/div>\n\t\t<\/div>\n\t\t\t\t\t<\/div>\n\t\t<\/section>\n\t\t\t\t<section class=\"elementor-section elementor-top-section elementor-element elementor-element-e0e7ef0 elementor-section-boxed elementor-section-height-default elementor-section-height-default\" data-id=\"e0e7ef0\" data-element_type=\"section\">\n\t\t\t\t\t\t<div class=\"elementor-container elementor-column-gap-default\">\n\t\t\t\t\t<div class=\"elementor-column elementor-col-20 elementor-top-column elementor-element elementor-element-2920a38\" data-id=\"2920a38\" data-element_type=\"column\">\n\t\t\t<div class=\"elementor-widget-wrap\">\n\t\t\t\t\t\t\t<\/div>\n\t\t<\/div>\n\t\t\t\t<div class=\"elementor-column elementor-col-20 elementor-top-column elementor-element elementor-element-e9d7034\" data-id=\"e9d7034\" data-element_type=\"column\">\n\t\t\t<div class=\"elementor-widget-wrap\">\n\t\t\t\t\t\t\t<\/div>\n\t\t<\/div>\n\t\t\t\t<div class=\"elementor-column elementor-col-20 elementor-top-column elementor-element elementor-element-4e0920a\" data-id=\"4e0920a\" data-element_type=\"column\">\n\t\t\t<div class=\"elementor-widget-wrap elementor-element-populated\">\n\t\t\t\t\t\t<div class=\"elementor-element elementor-element-6962b04 elementor-widget elementor-widget-image\" data-id=\"6962b04\" data-element_type=\"widget\" data-widget_type=\"image.default\">\n\t\t\t\t<div class=\"elementor-widget-container\">\n\t\t\t\t\t\t\t\t\t\t\t\t\t\t\t<img decoding=\"async\" width=\"800\" height=\"150\" src=\"https:\/\/garagemp.it\/wp-content\/uploads\/2022\/11\/GarageMPerba.png\" class=\"attachment-large size-large wp-image-213\" alt=\"\" srcset=\"https:\/\/garagemp.it\/wp-content\/uploads\/2022\/11\/GarageMPerba.png 827w, https:\/\/garagemp.it\/wp-content\/uploads\/2022\/11\/GarageMPerba-300x56.png 300w, https:\/\/garagemp.it\/wp-content\/uploads\/2022\/11\/GarageMPerba-768x144.png 768w\" sizes=\"(max-width: 800px) 100vw, 800px\" \/>\t\t\t\t\t\t\t\t\t\t\t\t\t\t\t<\/div>\n\t\t\t\t<\/div>\n\t\t\t\t\t<\/div>\n\t\t<\/div>\n\t\t\t\t<div class=\"elementor-column elementor-col-20 elementor-top-column elementor-element elementor-element-7ee30eb\" data-id=\"7ee30eb\" data-element_type=\"column\">\n\t\t\t<div class=\"elementor-widget-wrap\">\n\t\t\t\t\t\t\t<\/div>\n\t\t<\/div>\n\t\t\t\t<div class=\"elementor-column elementor-col-20 elementor-top-column elementor-element elementor-element-2291df4\" data-id=\"2291df4\" data-element_type=\"column\">\n\t\t\t<div class=\"elementor-widget-wrap\">\n\t\t\t\t\t\t\t<\/div>\n\t\t<\/div>\n\t\t\t\t\t<\/div>\n\t\t<\/section>\n\t\t\t\t<\/div>\n\t\t","protected":false},"excerpt":{"rendered":"<p>FREQUENTLY ASKED QUESTIONS Garage MPFAQ Ecco una sezione in cui potrai trovare risposte alle tue domande! In cosa consiste la rimappatura? In una modifica del software della centralina. \u00c8 vero che incrementando coppia e potenza si riducono i consumi? S\u00ec, spesso! Rimappando si perde la garanzia del costruttore? \u00c8 probabile. Rimappando si compromette l&#8217;affidabilit\u00e0 del [&hellip;]<\/p>\n","protected":false},"author":1,"featured_media":0,"parent":0,"menu_order":0,"comment_status":"closed","ping_status":"closed","template":"elementor_header_footer","meta":{"footnotes":""},"class_list":["post-510","page","type-page","status-publish","hentry"],"_links":{"self":[{"href":"https:\/\/garagemp.it\/index.php\/wp-json\/wp\/v2\/pages\/510","targetHints":{"allow":["GET"]}}],"collection":[{"href":"https:\/\/garagemp.it\/index.php\/wp-json\/wp\/v2\/pages"}],"about":[{"href":"https:\/\/garagemp.it\/index.php\/wp-json\/wp\/v2\/types\/page"}],"author":[{"embeddable":true,"href":"https:\/\/garagemp.it\/index.php\/wp-json\/wp\/v2\/users\/1"}],"replies":[{"embeddable":true,"href":"https:\/\/garagemp.it\/index.php\/wp-json\/wp\/v2\/comments?post=510"}],"version-history":[{"count":52,"href":"https:\/\/garagemp.it\/index.php\/wp-json\/wp\/v2\/pages\/510\/revisions"}],"predecessor-version":[{"id":765,"href":"https:\/\/garagemp.it\/index.php\/wp-json\/wp\/v2\/pages\/510\/revisions\/765"}],"wp:attachment":[{"href":"https:\/\/garagemp.it\/index.php\/wp-json\/wp\/v2\/media?parent=510"}],"curies":[{"name":"wp","href":"https:\/\/api.w.org\/{rel}","templated":true}]}}